{"id":1905,"date":"2023-02-13T15:03:28","date_gmt":"2023-02-13T14:03:28","guid":{"rendered":"https:\/\/www.ident-clinic.be\/varsik-hakopian-invisalign-orthodontie\/"},"modified":"2025-01-13T10:20:16","modified_gmt":"2025-01-13T09:20:16","slug":"varsik-hakopian-invisalign-orthodontie","status":"publish","type":"page","link":"https:\/\/apolline.be\/nl\/varsik-hakopian-invisalign-orthodontie\/","title":{"rendered":"Varsik Hakopian : Invisalign Orthodontie"},"content":{"rendered":"<div class=\"fusion-fullwidth fullwidth-box fusion-builder-row-1 fusion-flex-container has-pattern-background has-mask-background hundred-percent-fullwidth non-hundred-percent-height-scrolling\" style=\"--awb-border-sizes-top:0;--awb-border-sizes-bottom:0;--awb-border-sizes-left:0;--awb-border-sizes-right:0;--awb-border-radius-top-left:0px;--awb-border-radius-top-right:0px;--awb-border-radius-bottom-right:0px;--awb-border-radius-bottom-left:0px;--awb-padding-top:0px;--awb-padding-right:0px;--awb-padding-bottom:0px;--awb-padding-left:0px;--awb-flex-wrap:wrap;\" ><div class=\"fusion-builder-row fusion-row fusion-flex-align-items-stretch fusion-flex-content-wrap\" style=\"width:calc( 100% + 0px ) !important;max-width:calc( 100% + 0px ) !important;margin-left: calc(-0px \/ 2 );margin-right: calc(-0px \/ 2 );\"><div class=\"fusion-layout-column fusion_builder_column fusion-builder-column-0 fusion_builder_column_1_3 1_3 fusion-flex-column fusion-flex-align-self-flex-start\" style=\"--awb-padding-top:90px;--awb-padding-right:15%;--awb-padding-bottom:90px;--awb-padding-left:15%;--awb-bg-color:var(--awb-color1);--awb-bg-color-hover:var(--awb-color1);--awb-bg-size:cover;--awb-width-large:33.3333333333%;--awb-margin-top-large:0px;--awb-spacing-right-large:0px;--awb-margin-bottom-large:0px;--awb-spacing-left-large:0px;--awb-width-medium:100%;--awb-order-medium:0;--awb-spacing-right-medium:0px;--awb-spacing-left-medium:0px;--awb-width-small:100%;--awb-order-small:0;--awb-spacing-right-small:0px;--awb-spacing-left-small:0px;\"><div class=\"fusion-column-wrapper fusion-column-has-shadow fusion-flex-justify-content-flex-start fusion-content-layout-column\"><div class=\"fusion-image-element \" style=\"--awb-margin-bottom:30px;--awb-caption-title-font-family:var(--h2_typography-font-family);--awb-caption-title-font-weight:var(--h2_typography-font-weight);--awb-caption-title-font-style:var(--h2_typography-font-style);--awb-caption-title-size:var(--h2_typography-font-size);--awb-caption-title-transform:var(--h2_typography-text-transform);--awb-caption-title-line-height:var(--h2_typography-line-height);--awb-caption-title-letter-spacing:var(--h2_typography-letter-spacing);\"><span class=\" fusion-imageframe imageframe-none imageframe-1 hover-type-zoomin\"><img decoding=\"async\" width=\"870\" height=\"1024\" alt=\"Varsik Hakopian : Invisalign Orthodontie\" title=\"varsik-hakopian-orthodontiste-bruxelles\" src=\"https:\/\/apolline.be\/wp-content\/uploads\/2025\/01\/varsik-hakopian-orthodontiste-bruxelles-870x1024.jpg\" class=\"img-responsive wp-image-2314\" srcset=\"https:\/\/apolline.be\/wp-content\/uploads\/2025\/01\/varsik-hakopian-orthodontiste-bruxelles-200x235.jpg 200w, https:\/\/apolline.be\/wp-content\/uploads\/2025\/01\/varsik-hakopian-orthodontiste-bruxelles-400x471.jpg 400w, https:\/\/apolline.be\/wp-content\/uploads\/2025\/01\/varsik-hakopian-orthodontiste-bruxelles-600x706.jpg 600w, https:\/\/apolline.be\/wp-content\/uploads\/2025\/01\/varsik-hakopian-orthodontiste-bruxelles-800x941.jpg 800w, https:\/\/apolline.be\/wp-content\/uploads\/2025\/01\/varsik-hakopian-orthodontiste-bruxelles.jpg 1190w\" sizes=\"(max-width: 1050px) 100vw, (max-width: 640px) 100vw, 400px\" \/><\/span><\/div><div class=\"fusion-text fusion-text-1 text-diplomes\"><h3>Orthodontie Invisalign Et Orthodontie Linguale<\/h3>\n<p><em>Master en Sciences Dentaires\u00a0<strong>2013<\/strong><\/em><\/p>\n<p><em>Formation d\u2019orthodontie\u00a0<strong>2013-2015<\/strong><\/em><\/p>\n<p><em>Formation en orthodontie par goutti\u00e8re transparente Invisalign\u00a0<strong>2016<\/strong><\/em><\/p>\n<p><em>Formation en orthodontie linguale Incognito\u00a0<strong>2016<\/strong><\/em><\/p>\n<\/div><\/div><\/div><div class=\"fusion-layout-column fusion_builder_column fusion-builder-column-1 fusion_builder_column_2_3 2_3 fusion-flex-column fusion-flex-align-self-flex-start\" style=\"--awb-padding-top:90px;--awb-padding-right:15%;--awb-padding-bottom:90px;--awb-padding-left:15%;--awb-bg-color:var(--awb-color2);--awb-bg-color-hover:var(--awb-color2);--awb-bg-size:cover;--awb-width-large:66.6666666667%;--awb-margin-top-large:0px;--awb-spacing-right-large:0px;--awb-margin-bottom-large:0px;--awb-spacing-left-large:0px;--awb-width-medium:100%;--awb-order-medium:0;--awb-spacing-right-medium:0px;--awb-spacing-left-medium:0px;--awb-width-small:100%;--awb-order-small:0;--awb-spacing-right-small:0px;--awb-spacing-left-small:0px;\"><div class=\"fusion-column-wrapper fusion-column-has-shadow fusion-flex-justify-content-center fusion-content-layout-column\"><div class=\"fusion-text fusion-text-2\"><p>Je m\u2019appelle Varsik Hakopian et je pratique\u00a0<strong><a href=\"https:\/\/apolline.be\/specialite\/orthodontie\/\">l\u2019orthodontie<\/a>\u00a0<\/strong>\u00e0 Bruxelles dans la clinique iDent, dans la commune de Ganshoren proche de Wemmel.<br \/>\nMon pr\u00e9nom n\u2019est pas tr\u00e8s commun. En effet, je suis d\u2019origine arm\u00e9nienne. Je connais bien Bruxelles, car j\u2019y ai v\u00e9cu et grandi depuis l\u2019\u00e2ge de 10 ans.<\/p>\n<p>J\u2019ai \u00e9t\u00e9 dipl\u00f4m\u00e9e en 2013 avec la mention grande distinction (magna cum laude).<br \/>\nDurant mon cursus, j\u2019ai imm\u00e9diatement d\u00e9velopp\u00e9 un int\u00e9r\u00eat certain pour l\u2019orthodontie qui n\u00e9cessite une patience et une pr\u00e9cision de travail exceptionnel. C\u2019est sans doute cette rigueur et le d\u00e9sir d\u2019aspirer \u00e0 la perfection qui m\u2019ont permis de terminer premi\u00e8re de ma promotion.<\/p>\n<p>J\u2019ai pu \u00e9galement travailler, dans le cadre de mon m\u00e9moire, au sein du Laboratoire d\u2019Anatomie et d\u2019Embryogen\u00e8se de la facult\u00e9 de m\u00e9decine. Mon travail consistait \u00e0 prouver l\u2019\u00e9ventuel lien existant entre des anomalies de nombre de dents (ag\u00e9n\u00e9sies dentaires) et le caract\u00e8re h\u00e9r\u00e9ditaire chez des patients d\u2019une m\u00eame famille. Je garde le souvenir d\u2019une exp\u00e9rience intellectuelle int\u00e9ressante et enrichissante, car cela me permet dans ma pratique courante de g\u00e9rer des cas d\u2019orthodontie plus complexes et sp\u00e9cifiques.<\/p>\n<p>Je me suis \u00e9galement perfectionn\u00e9e dans des techniques d\u2019orthodontie plus sp\u00e9cifique, afin d\u2019offrir la meilleure possibilit\u00e9 de traitement au patient. En effet, je pratique\u00a0<a href=\"https:\/\/apolline.be\/specialite\/orthodontie-discrete\/\"><strong>l\u2019orthodontie discr\u00e8te<\/strong><\/a>\u00a0(avec des plaquettes en c\u00e9ramique),\u00a0<a href=\"https:\/\/apolline.be\/specialite\/orthodontie-linguale\/\"><strong>l\u2019orthodontie linguale<\/strong><\/a>\u00a0(avec les plaquettes coll\u00e9es sur la face interne des dents) et les techniques d\u2019orthodontie par goutti\u00e8re\u00a0<strong><a href=\"https:\/\/apolline.be\/specialite\/invisalign\/\">Invisalign<\/a><\/strong>. Offrir un choix plus vaste, me permet de r\u00e9pondre aux demandes les plus exigeants.<\/p>\n<p>Ce que j\u2019appr\u00e9cie particuli\u00e8rement dans mon m\u00e9tier, est l\u2019influence positive du changement de sourire dans la vie sociale et priv\u00e9e de mes patients. Il ne faut pas n\u00e9gliger la confiance en soi que l\u2019on acquiert en arborant un sourire d\u2019exception. Participer \u00e0 ce changement et accompagner la personne tous les jours durant sa vie quotidienne, sont pour moi une r\u00e9compense incroyable de ma profession.<\/p>\n<\/div><\/div><\/div><\/div><\/div>\n","protected":false},"excerpt":{"rendered":"","protected":false},"author":2,"featured_media":0,"parent":0,"menu_order":0,"comment_status":"closed","ping_status":"closed","template":"100-width.php","meta":{"footnotes":""},"class_list":["post-1905","page","type-page","status-publish","hentry"],"yoast_head":"<!-- This site is optimized with the Yoast SEO plugin v27.2 - https:\/\/yoast.com\/product\/yoast-seo-wordpress\/ -->\n<title>Varsik Hakopian : Invisalign Orthodontie - Apolline Clinique<\/title>\n<meta name=\"robots\" content=\"index, follow, max-snippet:-1, max-image-preview:large, max-video-preview:-1\" \/>\n<link rel=\"canonical\" href=\"https:\/\/apolline.be\/nl\/varsik-hakopian-invisalign-orthodontie\/\" \/>\n<meta property=\"og:locale\" content=\"nl_BE\" \/>\n<meta property=\"og:type\" content=\"article\" \/>\n<meta property=\"og:title\" content=\"Varsik Hakopian : Invisalign Orthodontie - Apolline Clinique\" \/>\n<meta property=\"og:url\" content=\"https:\/\/apolline.be\/nl\/varsik-hakopian-invisalign-orthodontie\/\" \/>\n<meta property=\"og:site_name\" content=\"Apolline Clinique\" \/>\n<meta property=\"article:modified_time\" content=\"2025-01-13T09:20:16+00:00\" \/>\n<meta name=\"twitter:card\" content=\"summary_large_image\" \/>\n<meta name=\"twitter:label1\" content=\"Geschatte leestijd\" \/>\n\t<meta name=\"twitter:data1\" content=\"2 minuten\" \/>\n<script type=\"application\/ld+json\" class=\"yoast-schema-graph\">{\"@context\":\"https:\/\/schema.org\",\"@graph\":[{\"@type\":\"WebPage\",\"@id\":\"https:\/\/apolline.be\/nl\/varsik-hakopian-invisalign-orthodontie\/\",\"url\":\"https:\/\/apolline.be\/nl\/varsik-hakopian-invisalign-orthodontie\/\",\"name\":\"Varsik Hakopian : Invisalign Orthodontie - Apolline Clinique\",\"isPartOf\":{\"@id\":\"https:\/\/apolline.be\/nl\/#website\"},\"datePublished\":\"2023-02-13T14:03:28+00:00\",\"dateModified\":\"2025-01-13T09:20:16+00:00\",\"breadcrumb\":{\"@id\":\"https:\/\/apolline.be\/nl\/varsik-hakopian-invisalign-orthodontie\/#breadcrumb\"},\"inLanguage\":\"nl-BE\",\"potentialAction\":[{\"@type\":\"ReadAction\",\"target\":[\"https:\/\/apolline.be\/nl\/varsik-hakopian-invisalign-orthodontie\/\"]}]},{\"@type\":\"BreadcrumbList\",\"@id\":\"https:\/\/apolline.be\/nl\/varsik-hakopian-invisalign-orthodontie\/#breadcrumb\",\"itemListElement\":[{\"@type\":\"ListItem\",\"position\":1,\"name\":\"Accueil\",\"item\":\"https:\/\/apolline.be\/nl\/\"},{\"@type\":\"ListItem\",\"position\":2,\"name\":\"Varsik Hakopian : Invisalign Orthodontie\"}]},{\"@type\":\"WebSite\",\"@id\":\"https:\/\/apolline.be\/nl\/#website\",\"url\":\"https:\/\/apolline.be\/nl\/\",\"name\":\"Apolline Clinique\",\"description\":\"Choisissez l&#039;Excellence\",\"potentialAction\":[{\"@type\":\"SearchAction\",\"target\":{\"@type\":\"EntryPoint\",\"urlTemplate\":\"https:\/\/apolline.be\/nl\/?s={search_term_string}\"},\"query-input\":{\"@type\":\"PropertyValueSpecification\",\"valueRequired\":true,\"valueName\":\"search_term_string\"}}],\"inLanguage\":\"nl-BE\"}]}<\/script>\n<!-- \/ Yoast SEO plugin. -->","yoast_head_json":{"title":"Varsik Hakopian : Invisalign Orthodontie - Apolline Clinique","robots":{"index":"index","follow":"follow","max-snippet":"max-snippet:-1","max-image-preview":"max-image-preview:large","max-video-preview":"max-video-preview:-1"},"canonical":"https:\/\/apolline.be\/nl\/varsik-hakopian-invisalign-orthodontie\/","og_locale":"nl_BE","og_type":"article","og_title":"Varsik Hakopian : Invisalign Orthodontie - Apolline Clinique","og_url":"https:\/\/apolline.be\/nl\/varsik-hakopian-invisalign-orthodontie\/","og_site_name":"Apolline Clinique","article_modified_time":"2025-01-13T09:20:16+00:00","twitter_card":"summary_large_image","twitter_misc":{"Geschatte leestijd":"2 minuten"},"schema":{"@context":"https:\/\/schema.org","@graph":[{"@type":"WebPage","@id":"https:\/\/apolline.be\/nl\/varsik-hakopian-invisalign-orthodontie\/","url":"https:\/\/apolline.be\/nl\/varsik-hakopian-invisalign-orthodontie\/","name":"Varsik Hakopian : Invisalign Orthodontie - Apolline Clinique","isPartOf":{"@id":"https:\/\/apolline.be\/nl\/#website"},"datePublished":"2023-02-13T14:03:28+00:00","dateModified":"2025-01-13T09:20:16+00:00","breadcrumb":{"@id":"https:\/\/apolline.be\/nl\/varsik-hakopian-invisalign-orthodontie\/#breadcrumb"},"inLanguage":"nl-BE","potentialAction":[{"@type":"ReadAction","target":["https:\/\/apolline.be\/nl\/varsik-hakopian-invisalign-orthodontie\/"]}]},{"@type":"BreadcrumbList","@id":"https:\/\/apolline.be\/nl\/varsik-hakopian-invisalign-orthodontie\/#breadcrumb","itemListElement":[{"@type":"ListItem","position":1,"name":"Accueil","item":"https:\/\/apolline.be\/nl\/"},{"@type":"ListItem","position":2,"name":"Varsik Hakopian : Invisalign Orthodontie"}]},{"@type":"WebSite","@id":"https:\/\/apolline.be\/nl\/#website","url":"https:\/\/apolline.be\/nl\/","name":"Apolline Clinique","description":"Choisissez l&#039;Excellence","potentialAction":[{"@type":"SearchAction","target":{"@type":"EntryPoint","urlTemplate":"https:\/\/apolline.be\/nl\/?s={search_term_string}"},"query-input":{"@type":"PropertyValueSpecification","valueRequired":true,"valueName":"search_term_string"}}],"inLanguage":"nl-BE"}]}},"_links":{"self":[{"href":"https:\/\/apolline.be\/nl\/wp-json\/wp\/v2\/pages\/1905","targetHints":{"allow":["GET"]}}],"collection":[{"href":"https:\/\/apolline.be\/nl\/wp-json\/wp\/v2\/pages"}],"about":[{"href":"https:\/\/apolline.be\/nl\/wp-json\/wp\/v2\/types\/page"}],"author":[{"embeddable":true,"href":"https:\/\/apolline.be\/nl\/wp-json\/wp\/v2\/users\/2"}],"replies":[{"embeddable":true,"href":"https:\/\/apolline.be\/nl\/wp-json\/wp\/v2\/comments?post=1905"}],"version-history":[{"count":0,"href":"https:\/\/apolline.be\/nl\/wp-json\/wp\/v2\/pages\/1905\/revisions"}],"wp:attachment":[{"href":"https:\/\/apolline.be\/nl\/wp-json\/wp\/v2\/media?parent=1905"}],"curies":[{"name":"wp","href":"https:\/\/api.w.org\/{rel}","templated":true}]}}